{"id":10,"date":"2024-02-07T00:26:37","date_gmt":"2024-02-06T23:26:37","guid":{"rendered":"https:\/\/mitikaconstructora.com.mx\/?page_id=10"},"modified":"2024-03-21T22:50:30","modified_gmt":"2024-03-21T21:50:30","slug":"contacto","status":"publish","type":"page","link":"https:\/\/mitikaconstructora.com.mx\/index.php\/contacto\/","title":{"rendered":"Contacto"},"content":{"rendered":"\n<div style=\"height:61px\" aria-hidden=\"true\" class=\"wp-block-spacer\"><\/div>\n\n\n\n<div class=\"wp-block-group alignwide has-white-background-color has-background is-layout-constrained wp-block-group-is-layout-constrained\" style=\"padding-right:20px;padding-left:20px\">\n<div class=\"wp-block-group alignwide is-layout-flow wp-container-core-group-layout-5 wp-block-group-is-layout-flow\" style=\"padding-bottom:30px\">\n<div class=\"wp-block-group alignwide is-layout-flow wp-block-group-is-layout-flow\" style=\"padding-right:10%;padding-bottom:40px;padding-left:10%\">\n<div class=\"wp-block-group animated animated-fadeInUp is-content-justification-center is-nowrap is-layout-flex wp-container-core-group-layout-3 wp-block-group-is-layout-flex\">\n<div class=\"wp-block-group is-layout-flow wp-block-group-is-layout-flow\">\n<hr class=\"wp-block-separator has-text-color has-primary-color has-alpha-channel-opacity has-primary-background-color has-background\"\/>\n<\/div>\n\n\n\n<p class=\"has-text-align-left has-primary-color has-text-color has-medium-font-size\" style=\"letter-spacing:1px\">CONTACTARNOS<\/p>\n\n\n\n<div class=\"wp-block-group is-layout-flow wp-block-group-is-layout-flow\">\n<hr class=\"wp-block-separator has-text-color has-primary-color has-alpha-channel-opacity has-primary-background-color has-background\"\/>\n<\/div>\n<\/div>\n\n\n\n<h2 class=\"wp-block-heading has-text-align-center animated animated-fadeInUp has-slider-title-font-size\" style=\"line-height:1.3\">Solicita m\u00e1s informaci\u00f3n<\/h2>\n\n\n\n<p class=\"has-text-align-center\">Estamos para servirte y darte la atenci\u00f3n que te mereces, aqu\u00ed puedes contactarte al \u00e1rea de servicios, soluciones y proyectos.<\/p>\n<\/div>\n<\/div>\n\n\n\n<div class=\"wp-block-group alignwide is-layout-flow wp-block-group-is-layout-flow\" style=\"padding-top:16px\">\n<div class=\"wp-block-group is-layout-flow wp-block-group-is-layout-flow\">\n<div class=\"wp-block-group alignwide is-layout-flow wp-block-group-is-layout-flow\">\n<div class=\"wp-block-columns is-layout-flex wp-container-core-columns-layout-1 wp-block-columns-is-layout-flex\">\n<div class=\"wp-block-column is-layout-flow wp-block-column-is-layout-flow\">\n<div class=\"wp-block-group alignwide has-shadow-dark animated animated-fadeInUp has-white-background-color has-background is-layout-constrained wp-block-group-is-layout-constrained\" style=\"border-radius:5px;padding-top:40px;padding-right:40px;padding-bottom:40px;padding-left:40px\">\n<div class=\"wp-block-group is-layout-flow wp-block-group-is-layout-flow\" style=\"padding-bottom:15px\">\n<figure class=\"wp-block-image aligncenter size-full is-resized has-custom-border wp-duotone-ff5418-ff5418-1\"><img decoding=\"async\" src=\"https:\/\/mitikaconstructora.com.mx\/wp-content\/themes\/construction-light\/assets\/default\/icon-4.png\" alt=\"\" class=\"wp-image-3971\" style=\"border-radius:0px;width:60px;height:60px\"\/><\/figure>\n<\/div>\n\n\n\n<h3 class=\"wp-block-heading has-text-align-center\" style=\"margin-top:10px;margin-right:10px;margin-bottom:10px;margin-left:10px\"><a href=\"#\">Contacto<\/a><\/h3>\n\n\n\n<p class=\"has-text-align-center\">(+52) 55-32-03-40-84<\/p>\n<\/div>\n<\/div>\n\n\n\n<div class=\"wp-block-column is-layout-flow wp-block-column-is-layout-flow\">\n<div class=\"wp-block-group alignwide has-shadow-dark animated animated-fadeInUp has-white-background-color has-background is-layout-constrained wp-block-group-is-layout-constrained\" style=\"border-radius:5px;padding-top:40px;padding-right:40px;padding-bottom:40px;padding-left:40px\">\n<div class=\"wp-block-group is-layout-flow wp-block-group-is-layout-flow\" style=\"padding-bottom:15px\">\n<figure class=\"wp-block-image aligncenter size-full is-resized has-custom-border wp-duotone-ff5418-ff5418-2\"><img decoding=\"async\" src=\"https:\/\/mitikaconstructora.com.mx\/wp-content\/themes\/construction-light\/assets\/default\/icon-5.png\" alt=\"\" class=\"wp-image-3971\" style=\"border-radius:0px;width:60px;height:60px\"\/><\/figure>\n<\/div>\n\n\n\n<h3 class=\"wp-block-heading has-text-align-center\" style=\"margin-top:10px;margin-right:10px;margin-bottom:10px;margin-left:10px\"><a href=\"#\">Email Us<\/a><\/h3>\n\n\n\n<p class=\"has-text-align-center\">Contacto@mitikaconstructora.com.mx<\/p>\n<\/div>\n<\/div>\n\n\n\n<div class=\"wp-block-column is-layout-flow wp-block-column-is-layout-flow\">\n<div class=\"wp-block-group alignwide has-shadow-dark animated animated-fadeInUp has-white-background-color has-background is-layout-constrained wp-block-group-is-layout-constrained\" style=\"border-radius:5px;padding-top:40px;padding-right:40px;padding-bottom:40px;padding-left:40px\">\n<div class=\"wp-block-group is-layout-flow wp-block-group-is-layout-flow\" style=\"padding-bottom:15px\">\n<figure class=\"wp-block-image aligncenter size-full is-resized has-custom-border wp-duotone-ff5418-ff5418-3\"><img decoding=\"async\" src=\"https:\/\/mitikaconstructora.com.mx\/wp-content\/themes\/construction-light\/assets\/default\/icon-2.png\" alt=\"\" class=\"wp-image-3971\" style=\"border-radius:0px;width:60px;height:60px\"\/><\/figure>\n<\/div>\n\n\n\n<h3 class=\"wp-block-heading has-text-align-center\" style=\"margin-top:10px;margin-right:10px;margin-bottom:10px;margin-left:10px\"><a href=\"#\">Direcci\u00f3n<\/a><\/h3>\n\n\n\n<p class=\"has-text-align-center\">Coyoacan, Ciudad de M\u00e9xico.<\/p>\n<\/div>\n<\/div>\n<\/div>\n<\/div>\n\n\n\n<div class=\"wp-block-group alignwide is-layout-flow wp-block-group-is-layout-flow\">\n<div class=\"wp-block-columns is-layout-flex wp-container-core-columns-layout-2 wp-block-columns-is-layout-flex\">\n<div class=\"wp-block-column has-shadow-dark animated animated-fadeInUp is-layout-flow wp-block-column-is-layout-flow\" style=\"padding-top:10px;padding-right:10px;padding-bottom:10px;padding-left:10px\">\n<h3 class=\"wp-block-heading\"><\/h3>\n\n\n<\/div>\n\n\n\n<div class=\"wp-block-column has-shadow-dark animated animated-fadeInUp is-layout-flow wp-block-column-is-layout-flow\"><\/div>\n<\/div>\n<\/div>\n<\/div>\n<\/div>\n<\/div>\n\n\n\n<div style=\"height:61px\" aria-hidden=\"true\" class=\"wp-block-spacer\"><\/div>\n","protected":false},"excerpt":{"rendered":"<p>CONTACTARNOS Solicita m\u00e1s informaci\u00f3n Estamos para servirte y darte la atenci\u00f3n que te mereces, aqu\u00ed puedes contactarte al \u00e1rea de servicios, soluciones y proyectos. Contacto (+52) 55-32-03-40-84 Email Us Contacto@mitikaconstructora.com.mx Direcci\u00f3n Coyoacan, Ciudad de M\u00e9xico.<\/p>\n","protected":false},"author":1,"featured_media":0,"parent":0,"menu_order":0,"comment_status":"closed","ping_status":"closed","template":"template-pagebuilder.php","meta":{"footnotes":""},"_links":{"self":[{"href":"https:\/\/mitikaconstructora.com.mx\/index.php\/wp-json\/wp\/v2\/pages\/10"}],"collection":[{"href":"https:\/\/mitikaconstructora.com.mx\/index.php\/wp-json\/wp\/v2\/pages"}],"about":[{"href":"https:\/\/mitikaconstructora.com.mx\/index.php\/wp-json\/wp\/v2\/types\/page"}],"author":[{"embeddable":true,"href":"https:\/\/mitikaconstructora.com.mx\/index.php\/wp-json\/wp\/v2\/users\/1"}],"replies":[{"embeddable":true,"href":"https:\/\/mitikaconstructora.com.mx\/index.php\/wp-json\/wp\/v2\/comments?post=10"}],"version-history":[{"count":3,"href":"https:\/\/mitikaconstructora.com.mx\/index.php\/wp-json\/wp\/v2\/pages\/10\/revisions"}],"predecessor-version":[{"id":134,"href":"https:\/\/mitikaconstructora.com.mx\/index.php\/wp-json\/wp\/v2\/pages\/10\/revisions\/134"}],"wp:attachment":[{"href":"https:\/\/mitikaconstructora.com.mx\/index.php\/wp-json\/wp\/v2\/media?parent=10"}],"curies":[{"name":"wp","href":"https:\/\/api.w.org\/{rel}","templated":true}]}}